{"id":3910,"date":"2022-03-02T17:55:44","date_gmt":"2022-03-02T16:55:44","guid":{"rendered":"https:\/\/rodeeo.app\/presse\/"},"modified":"2023-01-09T20:08:39","modified_gmt":"2023-01-09T18:08:39","slug":"press","status":"publish","type":"page","link":"https:\/\/rodeeo.app\/es\/prensa\/","title":{"rendered":"Presse"},"content":{"rendered":"\t\t<div data-elementor-type=\"wp-page\" data-elementor-id=\"3910\" class=\"elementor elementor-3910\" data-elementor-post-type=\"page\">\n\t\t\t\t\t\t<section class=\"elementor-section elementor-top-section elementor-element elementor-element-7dc9a4c7 elementor-section-content-middle elementor-section-boxed elementor-section-height-default elementor-section-height-default\" data-id=\"7dc9a4c7\" data-element_type=\"section\" data-e-type=\"section\">\n\t\t\t\t\t\t<div class=\"elementor-container elementor-column-gap-no\">\n\t\t\t\t\t<div class=\"elementor-column elementor-col-33 elementor-top-column elementor-element elementor-element-3e9ad700\" data-id=\"3e9ad700\" data-element_type=\"column\" data-e-type=\"column\">\n\t\t\t<div class=\"elementor-widget-wrap elementor-element-populated\">\n\t\t\t\t\t\t<div class=\"elementor-element elementor-element-260dcf77 elementor-widget elementor-widget-heading\" data-id=\"260dcf77\" data-element_type=\"widget\" data-e-type=\"widget\" data-widget_type=\"heading.default\">\n\t\t\t\t<div class=\"elementor-widget-container\">\n\t\t\t\t\t<h2 class=\"elementor-heading-title elementor-size-default\">Changeons ensemble les r\u00e8gles du jeu<\/h2>\t\t\t\t<\/div>\n\t\t\t\t<\/div>\n\t\t\t\t<div class=\"elementor-element elementor-element-54cdbaf elementor-widget elementor-widget-spacer\" data-id=\"54cdbaf\" data-element_type=\"widget\" data-e-type=\"widget\" data-widget_type=\"spacer.default\">\n\t\t\t\t<div class=\"elementor-widget-container\">\n\t\t\t\t\t\t\t<div class=\"elementor-spacer\">\n\t\t\t<div class=\"elementor-spacer-inner\"><\/div>\n\t\t<\/div>\n\t\t\t\t\t\t<\/div>\n\t\t\t\t<\/div>\n\t\t\t\t<div class=\"elementor-element elementor-element-68b02e14 elementor-hidden-phone elementor-widget elementor-widget-image\" data-id=\"68b02e14\" data-element_type=\"widget\" data-e-type=\"widget\" data-widget_type=\"image.default\">\n\t\t\t\t<div class=\"elementor-widget-container\">\n\t\t\t\t\t\t\t\t\t\t\t\t\t\t\t<img data-rjs=\"2\" fetchpriority=\"high\" decoding=\"async\" width=\"626\" height=\"937\" src=\"https:\/\/i0.wp.com\/rodeeo.app\/wp-content\/uploads\/2021\/01\/motocicleta-vintage_2221-1096.jpg?fit=626%2C937&ssl=1\" class=\"attachment-large size-large wp-image-2818\" alt=\"\" srcset=\"https:\/\/i0.wp.com\/rodeeo.app\/wp-content\/uploads\/2021\/01\/motocicleta-vintage_2221-1096.jpg?w=626&ssl=1 626w, https:\/\/i0.wp.com\/rodeeo.app\/wp-content\/uploads\/2021\/01\/motocicleta-vintage_2221-1096.jpg?resize=200%2C300&ssl=1 200w, https:\/\/i0.wp.com\/rodeeo.app\/wp-content\/uploads\/2021\/01\/motocicleta-vintage_2221-1096.jpg?resize=20%2C30&ssl=1 20w, https:\/\/i0.wp.com\/rodeeo.app\/wp-content\/uploads\/2021\/01\/motocicleta-vintage_2221-1096.jpg?resize=53%2C80&ssl=1 53w, https:\/\/i0.wp.com\/rodeeo.app\/wp-content\/uploads\/2021\/01\/motocicleta-vintage_2221-1096.jpg?resize=202%2C303&ssl=1 202w, https:\/\/i0.wp.com\/rodeeo.app\/wp-content\/uploads\/2021\/01\/motocicleta-vintage_2221-1096.jpg?resize=468%2C700&ssl=1 468w\" sizes=\"(max-width: 626px) 100vw, 626px\" \/>\t\t\t\t\t\t\t\t\t\t\t\t\t\t\t<\/div>\n\t\t\t\t<\/div>\n\t\t\t\t\t<\/div>\n\t\t<\/div>\n\t\t\t\t<div class=\"elementor-column elementor-col-33 elementor-top-column elementor-element elementor-element-35ff486\" data-id=\"35ff486\" data-element_type=\"column\" data-e-type=\"column\">\n\t\t\t<div class=\"elementor-widget-wrap elementor-element-populated\">\n\t\t\t\t\t\t<div class=\"elementor-element elementor-element-2fe4ba50 elementor-widget elementor-widget-image\" data-id=\"2fe4ba50\" data-element_type=\"widget\" data-e-type=\"widget\" data-widget_type=\"image.default\">\n\t\t\t\t<div class=\"elementor-widget-container\">\n\t\t\t\t\t\t\t\t\t\t\t\t\t\t\t<img data-rjs=\"2\" decoding=\"async\" width=\"667\" height=\"1000\" src=\"https:\/\/i0.wp.com\/rodeeo.app\/wp-content\/uploads\/2021\/01\/mechanic-using-laptop.jpg?fit=667%2C1000&ssl=1\" class=\"attachment-large size-large wp-image-2811\" alt=\"\" srcset=\"https:\/\/i0.wp.com\/rodeeo.app\/wp-content\/uploads\/2021\/01\/mechanic-using-laptop.jpg?w=667&ssl=1 667w, https:\/\/i0.wp.com\/rodeeo.app\/wp-content\/uploads\/2021\/01\/mechanic-using-laptop.jpg?resize=200%2C300&ssl=1 200w, https:\/\/i0.wp.com\/rodeeo.app\/wp-content\/uploads\/2021\/01\/mechanic-using-laptop.jpg?resize=20%2C30&ssl=1 20w, https:\/\/i0.wp.com\/rodeeo.app\/wp-content\/uploads\/2021\/01\/mechanic-using-laptop.jpg?resize=53%2C80&ssl=1 53w, https:\/\/i0.wp.com\/rodeeo.app\/wp-content\/uploads\/2021\/01\/mechanic-using-laptop.jpg?resize=202%2C303&ssl=1 202w, https:\/\/i0.wp.com\/rodeeo.app\/wp-content\/uploads\/2021\/01\/mechanic-using-laptop.jpg?resize=467%2C700&ssl=1 467w, https:\/\/i0.wp.com\/rodeeo.app\/wp-content\/uploads\/2021\/01\/mechanic-using-laptop.jpg?resize=634%2C950&ssl=1 634w\" sizes=\"(max-width: 667px) 100vw, 667px\" \/>\t\t\t\t\t\t\t\t\t\t\t\t\t\t\t<\/div>\n\t\t\t\t<\/div>\n\t\t\t\t<div class=\"elementor-element elementor-element-eacccfe elementor-widget elementor-widget-spacer\" data-id=\"eacccfe\" data-element_type=\"widget\" data-e-type=\"widget\" data-widget_type=\"spacer.default\">\n\t\t\t\t<div class=\"elementor-widget-container\">\n\t\t\t\t\t\t\t<div class=\"elementor-spacer\">\n\t\t\t<div class=\"elementor-spacer-inner\"><\/div>\n\t\t<\/div>\n\t\t\t\t\t\t<\/div>\n\t\t\t\t<\/div>\n\t\t\t\t<div class=\"elementor-element elementor-element-12174c3f elementor-widget elementor-widget-text-editor\" data-id=\"12174c3f\" data-element_type=\"widget\" data-e-type=\"widget\" data-widget_type=\"text-editor.default\">\n\t\t\t\t<div class=\"elementor-widget-container\">\n\t\t\t\t\t\t\t\t\t<p>D\u00e9couvrez Rodeeo : la premi\u00e8re application sur laquelle vous pouvez louer tous types de v\u00e9hicules qui se d\u00e9placent sur terre ou sur mer, et qui compense les \u00e9missions carbone g\u00e9n\u00e9r\u00e9es par les locations.\u00a0<\/p>\t\t\t\t\t\t\t\t<\/div>\n\t\t\t\t<\/div>\n\t\t\t\t\t<\/div>\n\t\t<\/div>\n\t\t\t\t<div class=\"elementor-column elementor-col-33 elementor-top-column elementor-element elementor-element-3c61efd2 elementor-hidden-tablet\" data-id=\"3c61efd2\" data-element_type=\"column\" data-e-type=\"column\">\n\t\t\t<div class=\"elementor-widget-wrap elementor-element-populated\">\n\t\t\t\t\t\t<div class=\"elementor-element elementor-element-66d663c7 elementor-widget elementor-widget-image\" data-id=\"66d663c7\" data-element_type=\"widget\" data-e-type=\"widget\" data-widget_type=\"image.default\">\n\t\t\t\t<div class=\"elementor-widget-container\">\n\t\t\t\t\t\t\t\t\t\t\t\t\t\t\t<img data-rjs=\"2\" decoding=\"async\" width=\"626\" height=\"937\" src=\"https:\/\/i0.wp.com\/rodeeo.app\/wp-content\/uploads\/2021\/01\/pareja-ciclismo-bicicleta-tandem_10069-4608.jpg?fit=626%2C937&ssl=1\" class=\"attachment-full size-full wp-image-2821\" alt=\"\" srcset=\"https:\/\/i0.wp.com\/rodeeo.app\/wp-content\/uploads\/2021\/01\/pareja-ciclismo-bicicleta-tandem_10069-4608.jpg?w=626&ssl=1 626w, https:\/\/i0.wp.com\/rodeeo.app\/wp-content\/uploads\/2021\/01\/pareja-ciclismo-bicicleta-tandem_10069-4608.jpg?resize=200%2C300&ssl=1 200w, https:\/\/i0.wp.com\/rodeeo.app\/wp-content\/uploads\/2021\/01\/pareja-ciclismo-bicicleta-tandem_10069-4608.jpg?resize=20%2C30&ssl=1 20w, https:\/\/i0.wp.com\/rodeeo.app\/wp-content\/uploads\/2021\/01\/pareja-ciclismo-bicicleta-tandem_10069-4608.jpg?resize=53%2C80&ssl=1 53w, https:\/\/i0.wp.com\/rodeeo.app\/wp-content\/uploads\/2021\/01\/pareja-ciclismo-bicicleta-tandem_10069-4608.jpg?resize=202%2C303&ssl=1 202w, https:\/\/i0.wp.com\/rodeeo.app\/wp-content\/uploads\/2021\/01\/pareja-ciclismo-bicicleta-tandem_10069-4608.jpg?resize=468%2C700&ssl=1 468w\" sizes=\"(max-width: 626px) 100vw, 626px\" \/>\t\t\t\t\t\t\t\t\t\t\t\t\t\t\t<\/div>\n\t\t\t\t<\/div>\n\t\t\t\t\t<\/div>\n\t\t<\/div>\n\t\t\t\t\t<\/div>\n\t\t<\/section>\n\t\t\t\t<div class=\"th-parallax elementor-section elementor-top-section elementor-element elementor-element-7d23f91 elementor-section-content-middle elementor-section-height-min-height elementor-section-boxed elementor-section-height-default elementor-section-items-middle\" data-parallax=\"scroll\" data-image-src=\"\" data-id=\"7d23f91\" data-element_type=\"section\" data-e-type=\"section\" data-settings=\"{&quot;background_background&quot;:&quot;classic&quot;}\">\n\t\t\t\t\t\t<div class=\"elementor-container elementor-column-gap-no\">\n\t\t\t\t\t<div class=\"elementor-column elementor-col-100 elementor-top-column elementor-element elementor-element-3ce0bd3f\" data-id=\"3ce0bd3f\" data-element_type=\"column\" data-e-type=\"column\">\n\t\t\t<div class=\"elementor-widget-wrap elementor-element-populated\">\n\t\t\t\t\t\t<div class=\"elementor-element elementor-element-b1b2f54 elementor-widget elementor-widget-heading\" data-id=\"b1b2f54\" data-element_type=\"widget\" data-e-type=\"widget\" data-widget_type=\"heading.default\">\n\t\t\t\t<div class=\"elementor-widget-container\">\n\t\t\t\t\t<h4 class=\"elementor-heading-title elementor-size-default\">Rodeeo met des milliers de v\u00e9hicules de location \u00e0 la disposition de tous<\/h4>\t\t\t\t<\/div>\n\t\t\t\t<\/div>\n\t\t\t\t\t<\/div>\n\t\t<\/div>\n\t\t\t\t\t<\/div>\n\t\t<\/div>\n\t\t\t\t<section class=\"elementor-section elementor-top-section elementor-element elementor-element-5ce32a5 elementor-section-content-middle elementor-section-boxed elementor-section-height-default elementor-section-height-default\" data-id=\"5ce32a5\" data-element_type=\"section\" data-e-type=\"section\">\n\t\t\t\t\t\t<div class=\"elementor-container elementor-column-gap-no\">\n\t\t\t\t\t<div class=\"elementor-column elementor-col-100 elementor-top-column elementor-element elementor-element-29b18558\" data-id=\"29b18558\" data-element_type=\"column\" data-e-type=\"column\">\n\t\t\t<div class=\"elementor-widget-wrap elementor-element-populated\">\n\t\t\t\t\t\t<div class=\"elementor-element elementor-element-4f529f4e elementor-widget elementor-widget-heading\" data-id=\"4f529f4e\" data-element_type=\"widget\" data-e-type=\"widget\" data-widget_type=\"heading.default\">\n\t\t\t\t<div class=\"elementor-widget-container\">\n\t\t\t\t\t<h2 class=\"elementor-heading-title elementor-size-default\">Contactez-nous<\/h2>\t\t\t\t<\/div>\n\t\t\t\t<\/div>\n\t\t\t\t<section class=\"elementor-section elementor-inner-section elementor-element elementor-element-69ab2955 elementor-section-content-middle elementor-section-boxed elementor-section-height-default elementor-section-height-default\" data-id=\"69ab2955\" data-element_type=\"section\" data-e-type=\"section\">\n\t\t\t\t\t\t<div class=\"elementor-container elementor-column-gap-no\">\n\t\t\t\t\t<div class=\"elementor-column elementor-col-50 elementor-inner-column elementor-element elementor-element-c84670f\" data-id=\"c84670f\" data-element_type=\"column\" data-e-type=\"column\">\n\t\t\t<div class=\"elementor-widget-wrap elementor-element-populated\">\n\t\t\t\t\t\t<div class=\"elementor-element elementor-element-34f1295 elementor-widget elementor-widget-image\" data-id=\"34f1295\" data-element_type=\"widget\" data-e-type=\"widget\" data-widget_type=\"image.default\">\n\t\t\t\t<div class=\"elementor-widget-container\">\n\t\t\t\t\t\t\t\t\t\t\t\t\t\t\t<img data-rjs=\"2\" loading=\"lazy\" decoding=\"async\" width=\"1024\" height=\"202\" src=\"https:\/\/i0.wp.com\/rodeeo.app\/wp-content\/uploads\/2022\/03\/bluerodeeo.png?fit=1024%2C202&ssl=1\" class=\"attachment-large size-large wp-image-4194\" alt=\"\" srcset=\"https:\/\/i0.wp.com\/rodeeo.app\/wp-content\/uploads\/2022\/03\/bluerodeeo.png?w=1096&ssl=1 1096w, https:\/\/i0.wp.com\/rodeeo.app\/wp-content\/uploads\/2022\/03\/bluerodeeo.png?resize=300%2C59&ssl=1 300w, https:\/\/i0.wp.com\/rodeeo.app\/wp-content\/uploads\/2022\/03\/bluerodeeo.png?resize=1024%2C202&ssl=1 1024w, https:\/\/i0.wp.com\/rodeeo.app\/wp-content\/uploads\/2022\/03\/bluerodeeo.png?resize=768%2C151&ssl=1 768w, https:\/\/i0.wp.com\/rodeeo.app\/wp-content\/uploads\/2022\/03\/bluerodeeo.png?resize=152%2C30&ssl=1 152w, https:\/\/i0.wp.com\/rodeeo.app\/wp-content\/uploads\/2022\/03\/bluerodeeo.png?resize=406%2C80&ssl=1 406w, https:\/\/i0.wp.com\/rodeeo.app\/wp-content\/uploads\/2022\/03\/bluerodeeo.png?resize=394%2C78&ssl=1 394w, https:\/\/i0.wp.com\/rodeeo.app\/wp-content\/uploads\/2022\/03\/bluerodeeo.png?resize=915%2C180&ssl=1 915w\" sizes=\"(max-width: 1024px) 100vw, 1024px\" \/>\t\t\t\t\t\t\t\t\t\t\t\t\t\t\t<\/div>\n\t\t\t\t<\/div>\n\t\t\t\t<div class=\"elementor-element elementor-element-870692f elementor-widget elementor-widget-heading\" data-id=\"870692f\" data-element_type=\"widget\" data-e-type=\"widget\" data-widget_type=\"heading.default\">\n\t\t\t\t<div class=\"elementor-widget-container\">\n\t\t\t\t\t<h6 class=\"elementor-heading-title elementor-size-default\">Email: hello@rodeeo.app <\/h6>\t\t\t\t<\/div>\n\t\t\t\t<\/div>\n\t\t\t\t<div class=\"elementor-element elementor-element-96a9964 elementor-widget elementor-widget-heading\" data-id=\"96a9964\" data-element_type=\"widget\" data-e-type=\"widget\" data-widget_type=\"heading.default\">\n\t\t\t\t<div class=\"elementor-widget-container\">\n\t\t\t\t\t<h6 class=\"elementor-heading-title elementor-size-default\">73 rue de la R\u00e9publique 13002 Marseille<\/h6>\t\t\t\t<\/div>\n\t\t\t\t<\/div>\n\t\t\t\t<div class=\"elementor-element elementor-element-37af2c4 e-grid-align-left e-grid-align-mobile-center elementor-shape-rounded elementor-grid-0 elementor-widget elementor-widget-social-icons\" data-id=\"37af2c4\" data-element_type=\"widget\" data-e-type=\"widget\" data-widget_type=\"social-icons.default\">\n\t\t\t\t<div class=\"elementor-widget-container\">\n\t\t\t\t\t\t\t<div class=\"elementor-social-icons-wrapper elementor-grid\">\n\t\t\t\t\t\t\t<span class=\"elementor-grid-item\">\n\t\t\t\t\t<a class=\"elementor-icon elementor-social-icon elementor-social-icon-linkedin elementor-repeater-item-42f19e7\" href=\"https:\/\/www.linkedin.com\/company\/rodeeo\" target=\"_blank\" rel=\"nofollow\">\n\t\t\t\t\t\t<span class=\"elementor-screen-only\">Linkedin<\/span>\n\t\t\t\t\t\t<i aria-hidden=\"true\" class=\"fab fa-linkedin\"><\/i>\t\t\t\t\t<\/a>\n\t\t\t\t<\/span>\n\t\t\t\t\t<\/div>\n\t\t\t\t\t\t<\/div>\n\t\t\t\t<\/div>\n\t\t\t\t\t<\/div>\n\t\t<\/div>\n\t\t\t\t<div class=\"elementor-column elementor-col-50 elementor-inner-column elementor-element elementor-element-c7c20c5\" data-id=\"c7c20c5\" data-element_type=\"column\" data-e-type=\"column\">\n\t\t\t<div class=\"elementor-widget-wrap elementor-element-populated\">\n\t\t\t\t\t\t<div class=\"elementor-element elementor-element-28e4cef elementor-button-align-start elementor-mobile-button-align-center elementor-widget elementor-widget-form\" data-id=\"28e4cef\" data-element_type=\"widget\" data-e-type=\"widget\" data-settings=\"{&quot;step_next_label&quot;:&quot;Suivant&quot;,&quot;step_previous_label&quot;:&quot;Pr\\u00e9c\\u00e9dent&quot;,&quot;button_width&quot;:&quot;100&quot;,&quot;step_type&quot;:&quot;number_text&quot;,&quot;step_icon_shape&quot;:&quot;circle&quot;}\" data-widget_type=\"form.default\">\n\t\t\t\t<div class=\"elementor-widget-container\">\n\t\t\t\t\t\t\t<form class=\"elementor-form\" method=\"post\" name=\"Form Press FR\" aria-label=\"Form Press FR\">\n\t\t\t<input type=\"hidden\" name=\"post_id\" value=\"3910\"\/>\n\t\t\t<input type=\"hidden\" name=\"form_id\" value=\"28e4cef\"\/>\n\t\t\t<input type=\"hidden\" name=\"referer_title\" value=\"Presse | Rodeeo\" \/>\n\n\t\t\t\t\t\t\t<input type=\"hidden\" name=\"queried_id\" value=\"3910\"\/>\n\t\t\t\n\t\t\t<div class=\"elementor-form-fields-wrapper elementor-labels-\">\n\t\t\t\t\t\t\t\t<div class=\"elementor-field-type-text elementor-field-group elementor-column elementor-field-group-field_efb0925 elementor-col-100\">\n\t\t\t\t\t\t\t\t\t\t\t\t<label for=\"form-field-field_efb0925\" class=\"elementor-field-label elementor-screen-only\">\n\t\t\t\t\t\t\t\tM\u00e9dia\t\t\t\t\t\t\t<\/label>\n\t\t\t\t\t\t\t\t\t\t\t\t\t\t<input size=\"1\" type=\"text\" name=\"form_fields[field_efb0925]\" id=\"form-field-field_efb0925\" class=\"elementor-field elementor-size-sm  elementor-field-textual\" placeholder=\"M\u00e9dia\">\n\t\t\t\t\t\t\t\t\t\t\t<\/div>\n\t\t\t\t\t\t\t\t<div class=\"elementor-field-type-text elementor-field-group elementor-column elementor-field-group-name elementor-col-50\">\n\t\t\t\t\t\t\t\t\t\t\t\t<label for=\"form-field-name\" class=\"elementor-field-label elementor-screen-only\">\n\t\t\t\t\t\t\t\tNom\t\t\t\t\t\t\t<\/label>\n\t\t\t\t\t\t\t\t\t\t\t\t\t\t<input size=\"1\" type=\"text\" name=\"form_fields[name]\" id=\"form-field-name\" class=\"elementor-field elementor-size-sm  elementor-field-textual\" placeholder=\"Nom\">\n\t\t\t\t\t\t\t\t\t\t\t<\/div>\n\t\t\t\t\t\t\t\t<div class=\"elementor-field-type-text elementor-field-group elementor-column elementor-field-group-field_81e8703 elementor-col-50\">\n\t\t\t\t\t\t\t\t\t\t\t\t<label for=\"form-field-field_81e8703\" class=\"elementor-field-label elementor-screen-only\">\n\t\t\t\t\t\t\t\tPr\u00e9nom\t\t\t\t\t\t\t<\/label>\n\t\t\t\t\t\t\t\t\t\t\t\t\t\t<input size=\"1\" type=\"text\" name=\"form_fields[field_81e8703]\" id=\"form-field-field_81e8703\" class=\"elementor-field elementor-size-sm  elementor-field-textual\" placeholder=\"Pr\u00e9nom\">\n\t\t\t\t\t\t\t\t\t\t\t<\/div>\n\t\t\t\t\t\t\t\t<div class=\"elementor-field-type-email elementor-field-group elementor-column elementor-field-group-email elementor-col-100 elementor-field-required\">\n\t\t\t\t\t\t\t\t\t\t\t\t<label for=\"form-field-email\" class=\"elementor-field-label elementor-screen-only\">\n\t\t\t\t\t\t\t\tEmail\t\t\t\t\t\t\t<\/label>\n\t\t\t\t\t\t\t\t\t\t\t\t\t\t<input size=\"1\" type=\"email\" name=\"form_fields[email]\" id=\"form-field-email\" class=\"elementor-field elementor-size-sm  elementor-field-textual\" placeholder=\"Email\" required=\"required\">\n\t\t\t\t\t\t\t\t\t\t\t<\/div>\n\t\t\t\t\t\t\t\t<div class=\"elementor-field-type-textarea elementor-field-group elementor-column elementor-field-group-message elementor-col-100\">\n\t\t\t\t\t\t\t\t\t\t\t\t<label for=\"form-field-message\" class=\"elementor-field-label elementor-screen-only\">\n\t\t\t\t\t\t\t\tMessage\t\t\t\t\t\t\t<\/label>\n\t\t\t\t\t\t<textarea class=\"elementor-field-textual elementor-field  elementor-size-sm\" name=\"form_fields[message]\" id=\"form-field-message\" rows=\"4\" placeholder=\"Message\"><\/textarea>\t\t\t\t<\/div>\n\t\t\t\t\t\t\t\t<div class=\"elementor-field-group elementor-column elementor-field-type-submit elementor-col-100 e-form__buttons\">\n\t\t\t\t\t<button class=\"elementor-button elementor-size-md elementor-animation-grow\" type=\"submit\" id=\"send-form\">\n\t\t\t\t\t\t<span class=\"elementor-button-content-wrapper\">\n\t\t\t\t\t\t\t\t\t\t\t\t\t\t\t<span class=\"elementor-button-icon\">\n\t\t\t\t\t\t\t\t\t<i aria-hidden=\"true\" class=\"fas fa-angle-right\"><\/i>\t\t\t\t\t\t\t\t\t\t\t\t\t\t\t\t\t<\/span>\n\t\t\t\t\t\t\t\t\t\t\t\t\t\t\t\t\t\t\t\t\t\t<span class=\"elementor-button-text\">Soyez recontact\u00e9<\/span>\n\t\t\t\t\t\t\t\t\t\t\t\t\t<\/span>\n\t\t\t\t\t<\/button>\n\t\t\t\t<\/div>\n\t\t\t<\/div>\n\t\t<\/form>\n\t\t\t\t\t\t<\/div>\n\t\t\t\t<\/div>\n\t\t\t\t\t<\/div>\n\t\t<\/div>\n\t\t\t\t\t<\/div>\n\t\t<\/section>\n\t\t\t\t\t<\/div>\n\t\t<\/div>\n\t\t\t\t\t<\/div>\n\t\t<\/section>\n\t\t\t\t<section class=\"elementor-section elementor-top-section elementor-element elementor-element-3421f227 elementor-section-content-middle elementor-section-height-min-height elementor-section-boxed elementor-section-height-default elementor-section-items-middle\" data-id=\"3421f227\" data-element_type=\"section\" data-e-type=\"section\" data-settings=\"{&quot;background_background&quot;:&quot;video&quot;,&quot;background_video_link&quot;:&quot;https:\\\/\\\/s3.eu-west-1.amazonaws.com\\\/rodeeo.app\\\/video\\\/boat.mp4&quot;}\">\n\t\t\t\t\t\t\t\t<div class=\"elementor-background-video-container elementor-hidden-mobile\">\n\t\t\t\t\t\t\t\t\t\t\t\t\t<video class=\"elementor-background-video-hosted\" role=\"presentation\" autoplay muted playsinline loop><\/video>\n\t\t\t\t\t\t\t\t\t\t\t<\/div>\n\t\t\t\t\t\t\t\t\t<div class=\"elementor-background-overlay\"><\/div>\n\t\t\t\t\t\t\t<div class=\"elementor-container elementor-column-gap-no\">\n\t\t\t\t\t<div class=\"elementor-column elementor-col-100 elementor-top-column elementor-element elementor-element-59c68a90\" data-id=\"59c68a90\" data-element_type=\"column\" data-e-type=\"column\">\n\t\t\t<div class=\"elementor-widget-wrap elementor-element-populated\">\n\t\t\t\t\t\t<div class=\"elementor-element elementor-element-1e564d54 elementor-widget elementor-widget-heading\" data-id=\"1e564d54\" data-element_type=\"widget\" data-e-type=\"widget\" data-widget_type=\"heading.default\">\n\t\t\t\t<div class=\"elementor-widget-container\">\n\t\t\t\t\t<h2 class=\"elementor-heading-title elementor-size-default\">Maintenez vous inform\u00e9<\/h2>\t\t\t\t<\/div>\n\t\t\t\t<\/div>\n\t\t\t\t<div class=\"elementor-element elementor-element-862205f elementor-widget elementor-widget-heading\" data-id=\"862205f\" data-element_type=\"widget\" data-e-type=\"widget\" data-widget_type=\"heading.default\">\n\t\t\t\t<div class=\"elementor-widget-container\">\n\t\t\t\t\t<h5 class=\"elementor-heading-title elementor-size-default\">Ne ratez pas les actualit\u00e9s de Rodeeo - Promis, pas de spams \ud83d\ude42<\/h5>\t\t\t\t<\/div>\n\t\t\t\t<\/div>\n\t\t\t\t<div class=\"elementor-element elementor-element-362ec4ac elementor-button-align-start elementor-widget elementor-widget-form\" data-id=\"362ec4ac\" data-element_type=\"widget\" data-e-type=\"widget\" data-settings=\"{&quot;step_next_label&quot;:&quot;Next&quot;,&quot;step_previous_label&quot;:&quot;Previous&quot;,&quot;step_type&quot;:&quot;number_text&quot;,&quot;step_icon_shape&quot;:&quot;circle&quot;}\" data-widget_type=\"form.default\">\n\t\t\t\t<div class=\"elementor-widget-container\">\n\t\t\t\t\t\t\t<form class=\"elementor-form\" method=\"post\" name=\"Newsletter\" aria-label=\"Newsletter\">\n\t\t\t<input type=\"hidden\" name=\"post_id\" value=\"3910\"\/>\n\t\t\t<input type=\"hidden\" name=\"form_id\" value=\"362ec4ac\"\/>\n\t\t\t<input type=\"hidden\" name=\"referer_title\" value=\"Presse | Rodeeo\" \/>\n\n\t\t\t\t\t\t\t<input type=\"hidden\" name=\"queried_id\" value=\"3910\"\/>\n\t\t\t\n\t\t\t<div class=\"elementor-form-fields-wrapper elementor-labels-\">\n\t\t\t\t\t\t\t\t<div class=\"elementor-field-type-email elementor-field-group elementor-column elementor-field-group-email elementor-col-100 elementor-field-required\">\n\t\t\t\t\t\t\t\t\t\t\t\t<label for=\"form-field-email\" class=\"elementor-field-label elementor-screen-only\">\n\t\t\t\t\t\t\t\tEmail\t\t\t\t\t\t\t<\/label>\n\t\t\t\t\t\t\t\t\t\t\t\t\t\t<input size=\"1\" type=\"email\" name=\"form_fields[email]\" id=\"form-field-email\" class=\"elementor-field elementor-size-lg  elementor-field-textual\" required=\"required\">\n\t\t\t\t\t\t\t\t\t\t\t<\/div>\n\t\t\t\t\t\t\t\t<div class=\"elementor-field-type-checkbox elementor-field-group elementor-column elementor-field-group-field_45fb2c8 elementor-col-100\">\n\t\t\t\t\t\t\t\t\t\t\t\t<label for=\"form-field-field_45fb2c8\" class=\"elementor-field-label elementor-screen-only\">\n\t\t\t\t\t\t\t\tPolitica de privacidad\t\t\t\t\t\t\t<\/label>\n\t\t\t\t\t\t<div class=\"elementor-field-subgroup  elementor-subgroup-inline\"><span class=\"elementor-field-option\"><input type=\"checkbox\" value=\"J&#039;ai lu et accepte la <a href=&quot;\/privacy&quot;><u>politique de traitement de donn\u00e9es personnelles<\/u><\/a>\" id=\"form-field-field_45fb2c8-0\" name=\"form_fields[field_45fb2c8]\"> <label for=\"form-field-field_45fb2c8-0\">J'ai lu et accepte la <a href=\"\/privacy\"><u>politique de traitement de donn\u00e9es personnelles<\/u><\/a><\/label><\/span><\/div>\t\t\t\t<\/div>\n\t\t\t\t\t\t\t\t<div class=\"elementor-field-group elementor-column elementor-field-type-submit elementor-col-100 e-form__buttons\">\n\t\t\t\t\t<button class=\"elementor-button elementor-size-md\" type=\"submit\">\n\t\t\t\t\t\t<span class=\"elementor-button-content-wrapper\">\n\t\t\t\t\t\t\t\t\t\t\t\t\t\t\t\t\t\t\t\t\t\t<span class=\"elementor-button-text\">S'inscrire<\/span>\n\t\t\t\t\t\t\t\t\t\t\t\t\t<\/span>\n\t\t\t\t\t<\/button>\n\t\t\t\t<\/div>\n\t\t\t<\/div>\n\t\t<\/form>\n\t\t\t\t\t\t<\/div>\n\t\t\t\t<\/div>\n\t\t\t\t\t<\/div>\n\t\t<\/div>\n\t\t\t\t\t<\/div>\n\t\t<\/section>\n\t\t\t\t<\/div>\n\t\t","protected":false},"excerpt":{"rendered":"<p>Changeons ensemble les r\u00e8gles du jeu D\u00e9couvrez Rodeeo : la premi\u00e8re application sur laquelle vous pouvez louer tous types de v\u00e9hicules qui se d\u00e9placent sur terre ou sur mer, et qui compense les \u00e9missions carbone g\u00e9n\u00e9r\u00e9es par les locations. Rodeeo &hellip; <a href=\"https:\/\/rodeeo.app\/es\/prensa\/\">Read More<\/a><\/p>","protected":false},"author":1,"featured_media":0,"parent":0,"menu_order":6,"comment_status":"closed","ping_status":"closed","template":"","meta":{"inline_featured_image":false,"footnotes":""},"class_list":["post-3910","page","type-page","status-publish","hentry"],"aioseo_notices":[],"jetpack_sharing_enabled":true,"_links":{"self":[{"href":"https:\/\/rodeeo.app\/es\/wp-json\/wp\/v2\/pages\/3910","targetHints":{"allow":["GET"]}}],"collection":[{"href":"https:\/\/rodeeo.app\/es\/wp-json\/wp\/v2\/pages"}],"about":[{"href":"https:\/\/rodeeo.app\/es\/wp-json\/wp\/v2\/types\/page"}],"author":[{"embeddable":true,"href":"https:\/\/rodeeo.app\/es\/wp-json\/wp\/v2\/users\/1"}],"replies":[{"embeddable":true,"href":"https:\/\/rodeeo.app\/es\/wp-json\/wp\/v2\/comments?post=3910"}],"version-history":[{"count":10,"href":"https:\/\/rodeeo.app\/es\/wp-json\/wp\/v2\/pages\/3910\/revisions"}],"predecessor-version":[{"id":11429,"href":"https:\/\/rodeeo.app\/es\/wp-json\/wp\/v2\/pages\/3910\/revisions\/11429"}],"wp:attachment":[{"href":"https:\/\/rodeeo.app\/es\/wp-json\/wp\/v2\/media?parent=3910"}],"curies":[{"name":"wp","href":"https:\/\/api.w.org\/{rel}","templated":true}]}}